{"id":942,"date":"2025-11-30T21:18:42","date_gmt":"2025-11-30T21:18:42","guid":{"rendered":"https:\/\/pampasdeica.com\/?post_type=product&#038;p=942"},"modified":"2025-11-30T21:18:42","modified_gmt":"2025-11-30T21:18:42","slug":"pisco-quebranta","status":"publish","type":"product","link":"https:\/\/pampasdeica.com\/en\/producto\/pisco-quebranta\/","title":{"rendered":"Pisco Quebranta"},"content":{"rendered":"<p>En nariz se encuentra inmediatamente la tipicidad de esta variedad. En boca es extremamente redondo, con aromas a vegetales y ligeramente afrutado.<br \/>\nLa fineza de este Pisco es el resultado de una rigurosa selecci\u00f3n de las uvas y de una vinificaci\u00f3n que combina tradici\u00f3n y alta tecnolog\u00eda. La lenta destilaci\u00f3n con alambiques de cobre franc\u00e9s finaliza el cuidadoso proceso.<\/p>","protected":false},"excerpt":{"rendered":"<p>En nariz se encuentra inmediatamente la tipicidad de esta variedad. En boca es extremamente redondo, con aromas a vegetales y ligeramente afrutado. La fineza de este Pisco es el resultado de una rigurosa selecci\u00f3n de las uvas y de una vinificaci\u00f3n que combina tradici\u00f3n y alta tecnolog\u00eda. La lenta destilaci\u00f3n con alambiques de cobre franc\u00e9s [&hellip;]<\/p>\n","protected":false},"featured_media":943,"comment_status":"open","ping_status":"closed","template":"","meta":{"_acf_changed":false,"inline_featured_image":false},"product_brand":[],"product_cat":[30],"product_tag":[],"class_list":{"0":"post-942","1":"product","2":"type-product","3":"status-publish","4":"has-post-thumbnail","6":"product_cat-piscos","8":"first","9":"instock","10":"shipping-taxable","11":"purchasable","12":"product-type-simple"},"acf":[],"_links":{"self":[{"href":"https:\/\/pampasdeica.com\/en\/wp-json\/wp\/v2\/product\/942","targetHints":{"allow":["GET"]}}],"collection":[{"href":"https:\/\/pampasdeica.com\/en\/wp-json\/wp\/v2\/product"}],"about":[{"href":"https:\/\/pampasdeica.com\/en\/wp-json\/wp\/v2\/types\/product"}],"replies":[{"embeddable":true,"href":"https:\/\/pampasdeica.com\/en\/wp-json\/wp\/v2\/comments?post=942"}],"version-history":[{"count":1,"href":"https:\/\/pampasdeica.com\/en\/wp-json\/wp\/v2\/product\/942\/revisions"}],"predecessor-version":[{"id":944,"href":"https:\/\/pampasdeica.com\/en\/wp-json\/wp\/v2\/product\/942\/revisions\/944"}],"wp:featuredmedia":[{"embeddable":true,"href":"https:\/\/pampasdeica.com\/en\/wp-json\/wp\/v2\/media\/943"}],"wp:attachment":[{"href":"https:\/\/pampasdeica.com\/en\/wp-json\/wp\/v2\/media?parent=942"}],"wp:term":[{"taxonomy":"product_brand","embeddable":true,"href":"https:\/\/pampasdeica.com\/en\/wp-json\/wp\/v2\/product_brand?post=942"},{"taxonomy":"product_cat","embeddable":true,"href":"https:\/\/pampasdeica.com\/en\/wp-json\/wp\/v2\/product_cat?post=942"},{"taxonomy":"product_tag","embeddable":true,"href":"https:\/\/pampasdeica.com\/en\/wp-json\/wp\/v2\/product_tag?post=942"}],"curies":[{"name":"wp","href":"https:\/\/api.w.org\/{rel}","templated":true}]}}