{"id":951,"date":"2025-11-30T22:01:51","date_gmt":"2025-11-30T22:01:51","guid":{"rendered":"https:\/\/pampasdeica.com\/?post_type=product&#038;p=951"},"modified":"2025-11-30T22:01:51","modified_gmt":"2025-11-30T22:01:51","slug":"brandy-de-ica-gran-reserva","status":"publish","type":"product","link":"https:\/\/pampasdeica.com\/en\/producto\/brandy-de-ica-gran-reserva\/","title":{"rendered":"Brandy Ica Gran Reserva"},"content":{"rendered":"<p>Destilado de uva quebranta a\u00f1ejado bajo el m\u00e9todo solera por tres a\u00f1os en barricas de roble franc\u00e9s y americano.<\/p>\n<p>Aromas a madera y profundos aromas dulces de la uva Quebranta. Caramelo, canela, ciruelas pasas, toques de granos de caf\u00e9 tostados y dulces de moca. Un toque de roble y vainilla.<\/p>\n<p>Una mezcla de pasas e higos, notas de herb\u00e1ceas, pasteles de vainilla, frutos secos (avellanas, nueces) y chocolate negro.<\/p>","protected":false},"excerpt":{"rendered":"<p>Destilado de uva quebranta a\u00f1ejado bajo el m\u00e9todo solera por tres a\u00f1os en barricas de roble franc\u00e9s y americano. Aromas a madera y profundos aromas dulces de la uva Quebranta. Caramelo, canela, ciruelas pasas, toques de granos de caf\u00e9 tostados y dulces de moca. Un toque de roble y vainilla. Una mezcla de pasas e [&hellip;]<\/p>\n","protected":false},"featured_media":952,"comment_status":"open","ping_status":"closed","template":"","meta":{"_acf_changed":false,"inline_featured_image":false},"product_brand":[],"product_cat":[31],"product_tag":[],"class_list":{"0":"post-951","1":"product","2":"type-product","3":"status-publish","4":"has-post-thumbnail","6":"product_cat-otros-destilados","8":"first","9":"instock","10":"shipping-taxable","11":"purchasable","12":"product-type-simple"},"acf":[],"_links":{"self":[{"href":"https:\/\/pampasdeica.com\/en\/wp-json\/wp\/v2\/product\/951","targetHints":{"allow":["GET"]}}],"collection":[{"href":"https:\/\/pampasdeica.com\/en\/wp-json\/wp\/v2\/product"}],"about":[{"href":"https:\/\/pampasdeica.com\/en\/wp-json\/wp\/v2\/types\/product"}],"replies":[{"embeddable":true,"href":"https:\/\/pampasdeica.com\/en\/wp-json\/wp\/v2\/comments?post=951"}],"version-history":[{"count":1,"href":"https:\/\/pampasdeica.com\/en\/wp-json\/wp\/v2\/product\/951\/revisions"}],"predecessor-version":[{"id":953,"href":"https:\/\/pampasdeica.com\/en\/wp-json\/wp\/v2\/product\/951\/revisions\/953"}],"wp:featuredmedia":[{"embeddable":true,"href":"https:\/\/pampasdeica.com\/en\/wp-json\/wp\/v2\/media\/952"}],"wp:attachment":[{"href":"https:\/\/pampasdeica.com\/en\/wp-json\/wp\/v2\/media?parent=951"}],"wp:term":[{"taxonomy":"product_brand","embeddable":true,"href":"https:\/\/pampasdeica.com\/en\/wp-json\/wp\/v2\/product_brand?post=951"},{"taxonomy":"product_cat","embeddable":true,"href":"https:\/\/pampasdeica.com\/en\/wp-json\/wp\/v2\/product_cat?post=951"},{"taxonomy":"product_tag","embeddable":true,"href":"https:\/\/pampasdeica.com\/en\/wp-json\/wp\/v2\/product_tag?post=951"}],"curies":[{"name":"wp","href":"https:\/\/api.w.org\/{rel}","templated":true}]}}